{"id":1289,"date":"2021-05-18T06:04:19","date_gmt":"2021-05-18T10:04:19","guid":{"rendered":"https:\/\/demo.wolffebikes.com\/shipping-policy\/"},"modified":"2021-10-22T09:30:30","modified_gmt":"2021-10-22T13:30:30","slug":"shipping-policy","status":"publish","type":"page","link":"https:\/\/demo.wolffebikes.com\/fr-ca\/shipping-policy\/","title":{"rendered":"Politique de livraison"},"content":{"rendered":"<div class=\"shopify-policy__title\">\n<h1>Politique de livraison<\/h1>\n<\/div>\n<div class=\"shopify-policy__body\">\n<div class=\"rte\">\n<h3>Collecte locale<\/h3>\n<p>Le ramassage en magasin est disponible \u00e0 Montr\u00e9al et les environs. Nous sommes situ\u00e9s au 9661, rue Cl\u00e9ment \u00e0 LaSalle, QC H8R 4B4.<\/p>\n<p>Tous les achats sont trait\u00e9s dans les 48 heures ouvrables. Les v\u00e9los \u00e9lectriques n\u00e9cessitent 2-3 jours suppl\u00e9mentaires pour \u00eatre assembl\u00e9s et pr\u00eats \u00e0 rouler.\u00a0 Nous vous contacterons directement une fois que votre v\u00e9lo \u00e9lectrique sera pr\u00eat \u00e0 \u00eatre r\u00e9cup\u00e9r\u00e9.<\/p>\n<h3>Frais d\u2019exp\u00e9dition forfaitaires<\/h3>\n<p>Nous offrons des frais d\u2019exp\u00e9dition fixes pour les \u00c9tats-Unis \u00e0 50 $ US et au Canada \u00e0 50 $ CAD. Le d\u00e9lai de livraison peut varier en fonction de votre emplacement. Nous ne sommes pas responsables des changements ou des retards dans les d\u00e9lais apr\u00e8s l\u2019exp\u00e9dition du produit.<\/p>\n<h3>Retours et \u00e9changes<\/h3>\n<p>Si vous changez d\u2019avis ou pour toute autre raison, vous pouvez retourner votre article dans les 30 jours suivant sa r\u00e9ception. \u00a0L\u2019article doit \u00eatre inutilis\u00e9 et \u00eatre dans son emballage d\u2019origine. Vous serez responsable des frais d\u2019exp\u00e9dition de retour et nous vous sugg\u00e9rons d\u2019assurer le colis au cas o\u00f9 il serait endommag\u00e9 ou perdu durant le transport. Pour retourner ou \u00e9changer votre article, veuillez svp nous contacter directement.<\/p>\n<\/div>\n<\/div>\n","protected":false},"excerpt":{"rendered":"<p>Politique de livraison<\/p>\n<p>Collecte locale<br \/>\nLe ramassage en magasin est disponible \u00e0 Montr\u00e9al et les environs. Nous&#8230;<\/p>\n","protected":false},"author":1,"featured_media":0,"parent":0,"menu_order":0,"comment_status":"closed","ping_status":"closed","template":"","meta":{"footnotes":""},"yoast_head":"<!-- This site is optimized with the Yoast SEO plugin v21.3 - https:\/\/yoast.com\/wordpress\/plugins\/seo\/ -->\n<title>Politique de livraison - Wolff E-Bikes<\/title>\n<meta name=\"robots\" content=\"noindex, follow, max-snippet:-1, max-image-preview:large, max-video-preview:-1\" \/>\n<script type=\"application\/ld+json\" class=\"yoast-schema-graph\">{\"@context\":\"https:\/\/schema.org\",\"@graph\":[{\"@type\":\"WebPage\",\"@id\":\"https:\/\/demo.wolffebikes.com\/fr-ca\/shipping-policy\/\",\"url\":\"https:\/\/demo.wolffebikes.com\/fr-ca\/shipping-policy\/\",\"name\":\"Politique de livraison - Wolff E-Bikes\",\"isPartOf\":{\"@id\":\"https:\/\/demo.wolffebikes.com\/#website\"},\"datePublished\":\"2021-05-18T10:04:19+00:00\",\"dateModified\":\"2021-10-22T13:30:30+00:00\",\"inLanguage\":\"fr-CA\",\"potentialAction\":[{\"@type\":\"ReadAction\",\"target\":[\"https:\/\/demo.wolffebikes.com\/fr-ca\/shipping-policy\/\"]}]},{\"@type\":\"WebSite\",\"@id\":\"https:\/\/demo.wolffebikes.com\/#website\",\"url\":\"https:\/\/demo.wolffebikes.com\/\",\"name\":\"Wolff E-Bikes\",\"description\":\"An e-bike for every type of rider.\",\"publisher\":{\"@id\":\"https:\/\/demo.wolffebikes.com\/#organization\"},\"potentialAction\":[{\"@type\":\"SearchAction\",\"target\":{\"@type\":\"EntryPoint\",\"urlTemplate\":\"https:\/\/demo.wolffebikes.com\/?s={search_term_string}\"},\"query-input\":\"required name=search_term_string\"}],\"inLanguage\":\"fr-CA\"},{\"@type\":\"Organization\",\"@id\":\"https:\/\/demo.wolffebikes.com\/#organization\",\"name\":\"Wolff E-Bikes\",\"url\":\"https:\/\/demo.wolffebikes.com\/\",\"logo\":{\"@type\":\"ImageObject\",\"inLanguage\":\"fr-CA\",\"@id\":\"https:\/\/demo.wolffebikes.com\/#\/schema\/logo\/image\/\",\"url\":\"https:\/\/demo.wolffebikes.com\/wp-content\/uploads\/2021\/08\/Wolff-logo.svg\",\"contentUrl\":\"https:\/\/demo.wolffebikes.com\/wp-content\/uploads\/2021\/08\/Wolff-logo.svg\",\"caption\":\"Wolff E-Bikes\"},\"image\":{\"@id\":\"https:\/\/demo.wolffebikes.com\/#\/schema\/logo\/image\/\"},\"sameAs\":[\"https:\/\/www.facebook.com\/wolffebikes\",\"https:\/\/www.instagram.com\/wolffebikes\/\",\"https:\/\/www.linkedin.com\/company\/wolff-pedelec-inc\"]}]}<\/script>\n<!-- \/ Yoast SEO plugin. -->","yoast_head_json":{"title":"Politique de livraison - Wolff E-Bikes","robots":{"index":"noindex","follow":"follow","max-snippet":"max-snippet:-1","max-image-preview":"max-image-preview:large","max-video-preview":"max-video-preview:-1"},"schema":{"@context":"https:\/\/schema.org","@graph":[{"@type":"WebPage","@id":"https:\/\/demo.wolffebikes.com\/fr-ca\/shipping-policy\/","url":"https:\/\/demo.wolffebikes.com\/fr-ca\/shipping-policy\/","name":"Politique de livraison - Wolff E-Bikes","isPartOf":{"@id":"https:\/\/demo.wolffebikes.com\/#website"},"datePublished":"2021-05-18T10:04:19+00:00","dateModified":"2021-10-22T13:30:30+00:00","inLanguage":"fr-CA","potentialAction":[{"@type":"ReadAction","target":["https:\/\/demo.wolffebikes.com\/fr-ca\/shipping-policy\/"]}]},{"@type":"WebSite","@id":"https:\/\/demo.wolffebikes.com\/#website","url":"https:\/\/demo.wolffebikes.com\/","name":"Wolff E-Bikes","description":"An e-bike for every type of rider.","publisher":{"@id":"https:\/\/demo.wolffebikes.com\/#organization"},"potentialAction":[{"@type":"SearchAction","target":{"@type":"EntryPoint","urlTemplate":"https:\/\/demo.wolffebikes.com\/?s={search_term_string}"},"query-input":"required name=search_term_string"}],"inLanguage":"fr-CA"},{"@type":"Organization","@id":"https:\/\/demo.wolffebikes.com\/#organization","name":"Wolff E-Bikes","url":"https:\/\/demo.wolffebikes.com\/","logo":{"@type":"ImageObject","inLanguage":"fr-CA","@id":"https:\/\/demo.wolffebikes.com\/#\/schema\/logo\/image\/","url":"https:\/\/demo.wolffebikes.com\/wp-content\/uploads\/2021\/08\/Wolff-logo.svg","contentUrl":"https:\/\/demo.wolffebikes.com\/wp-content\/uploads\/2021\/08\/Wolff-logo.svg","caption":"Wolff E-Bikes"},"image":{"@id":"https:\/\/demo.wolffebikes.com\/#\/schema\/logo\/image\/"},"sameAs":["https:\/\/www.facebook.com\/wolffebikes","https:\/\/www.instagram.com\/wolffebikes\/","https:\/\/www.linkedin.com\/company\/wolff-pedelec-inc"]}]}},"jetpack_sharing_enabled":true,"_links":{"self":[{"href":"https:\/\/demo.wolffebikes.com\/fr-ca\/wp-json\/wp\/v2\/pages\/1289"}],"collection":[{"href":"https:\/\/demo.wolffebikes.com\/fr-ca\/wp-json\/wp\/v2\/pages"}],"about":[{"href":"https:\/\/demo.wolffebikes.com\/fr-ca\/wp-json\/wp\/v2\/types\/page"}],"author":[{"embeddable":true,"href":"https:\/\/demo.wolffebikes.com\/fr-ca\/wp-json\/wp\/v2\/users\/1"}],"replies":[{"embeddable":true,"href":"https:\/\/demo.wolffebikes.com\/fr-ca\/wp-json\/wp\/v2\/comments?post=1289"}],"version-history":[{"count":0,"href":"https:\/\/demo.wolffebikes.com\/fr-ca\/wp-json\/wp\/v2\/pages\/1289\/revisions"}],"wp:attachment":[{"href":"https:\/\/demo.wolffebikes.com\/fr-ca\/wp-json\/wp\/v2\/media?parent=1289"}],"curies":[{"name":"wp","href":"https:\/\/api.w.org\/{rel}","templated":true}]}}