{"id":1958,"date":"2021-08-24T14:41:50","date_gmt":"2021-08-24T18:41:50","guid":{"rendered":"https:\/\/demo.wolffebikes.com\/?page_id=1958"},"modified":"2022-01-10T15:51:24","modified_gmt":"2022-01-10T20:51:24","slug":"politique-de-retour","status":"publish","type":"page","link":"https:\/\/demo.wolffebikes.com\/fr-ca\/politique-de-retour\/","title":{"rendered":"Politique de retour"},"content":{"rendered":"<p>&#13;<\/p>\n<h1>Refund policy<\/h1>\n<p>&#13;<br \/>\n&#13;<\/p>\n<p>Nous avons une politique de retour de 30 jours, ce qui signifie que vous disposez de 30 jours apr\u00e8s r\u00e9ception de votre article pour demander un retour.<\/p>\n<p>Pour \u00eatre \u00e9ligible \u00e0 un retour, votre article doit \u00eatre dans le m\u00eame \u00e9tat que celui que vous avez re\u00e7u, non port\u00e9 ou non utilis\u00e9, avec les \u00e9tiquettes et dans son emballage d&#8217;origine. Vous aurez \u00e9galement besoin du re\u00e7u ou de la preuve d&#8217;achat.<\/p>\n<p>Pour commencer un retour, vous pouvez nous contacter \u00e0 <a class='email inherited-color' href='mailto:info@wolffebikes.com'>info@wolffebikes.com<\/a>. Si votre retour est accept\u00e9, nous vous enverrons une \u00e9tiquette d&#8217;exp\u00e9dition de retour, ainsi que des instructions sur comment et o\u00f9 envoyer votre colis. Les articles qui nous sont renvoy\u00e9s sans demander au pr\u00e9alable un retour ne seront pas accept\u00e9s.<\/p>\n<p>Vous pouvez toujours nous contacter pour toute question de retour \u00e0 <a class='email inherited-color' href='mailto:info@wolffebikes.com'>info@wolffebikes.com<\/a>.<\/p>\n<p>&#13;<br \/>\n&#13;<\/p>\n<p><strong>Damages and issues<\/strong><\/p>\n<p>&#13;<br \/>\n&#13;<\/p>\n<p>Please inspect your order upon reception and contact us immediately if the item is defective, damaged or if you receive the wrong item, so that we can evaluate the issue and make it right.<\/p>\n<p>&#13;<br \/>\n&#13;<\/p>\n<p><strong>Exceptions \/ non-returnable items<\/strong><\/p>\n<p>&#13;<br \/>\n&#13;<\/p>\n<p>Certain types of items cannot be returned, like custom products (such as special orders or personalized items). We also do not accept returns for batteries, hazardous materials, flammable liquids, or gases. Please get in touch if you have questions or concerns about your specific item.<\/p>\n<p>Unfortunately, we cannot accept returns on sale items or gift cards.<\/p>\n<p>&#13;<br \/>\n&#13;<\/p>\n<h2>Exchanges<\/h2>\n<p>&#13;<br \/>\n&#13;<\/p>\n<p>The fastest way to ensure you get what you want is to return the item you have, and once the return is accepted, make a separate purchase for the new item.<\/p>\n<p>&#13;<br \/>\n&#13;<\/p>\n<h2>Refunds<\/h2>\n<p>&#13;<br \/>\n&#13;<\/p>\n<p>We will notify you once we\u2019ve received and inspected your return, and let you know if the refund was approved or not. If approved, you\u2019ll be automatically refunded on your original payment method. Please remember it can take some time for your bank or credit card company to process and post the refund too.<\/p>\n<p>&#13;<br \/>\n&#13;<\/p>\n<h2>Need help?<\/h2>\n<p>&#13;<br \/>\n&#13;<\/p>\n<p>Contactez-nous \u00e0 <a class='email inherited-color' href='mailto:info@wolffebikes.com'>info@wolffebikes.com<\/a> pour toute question relative aux remboursements et aux retours.<\/p>\n<p>&#13;<\/p>\n","protected":false},"excerpt":{"rendered":"<p>&#13;<br \/>\nRefund policy<br \/>\n&#13;<br \/>\n&#13;<br \/>\nNous avons une politique de retour de 30 jours, ce qui signifie que vous&#8230;<\/p>\n","protected":false},"author":2,"featured_media":0,"parent":0,"menu_order":0,"comment_status":"closed","ping_status":"closed","template":"","meta":{"footnotes":""},"yoast_head":"<!-- This site is optimized with the Yoast SEO plugin v21.3 - https:\/\/yoast.com\/wordpress\/plugins\/seo\/ -->\n<title>Politique de retour - Wolff E-Bikes<\/title>\n<meta name=\"robots\" content=\"noindex, follow, max-snippet:-1, max-image-preview:large, max-video-preview:-1\" \/>\n<script type=\"application\/ld+json\" class=\"yoast-schema-graph\">{\"@context\":\"https:\/\/schema.org\",\"@graph\":[{\"@type\":\"WebPage\",\"@id\":\"https:\/\/demo.wolffebikes.com\/fr-ca\/politique-de-retour\/\",\"url\":\"https:\/\/demo.wolffebikes.com\/fr-ca\/politique-de-retour\/\",\"name\":\"Politique de retour - Wolff E-Bikes\",\"isPartOf\":{\"@id\":\"https:\/\/demo.wolffebikes.com\/#website\"},\"datePublished\":\"2021-08-24T18:41:50+00:00\",\"dateModified\":\"2022-01-10T20:51:24+00:00\",\"inLanguage\":\"fr-CA\",\"potentialAction\":[{\"@type\":\"ReadAction\",\"target\":[\"https:\/\/demo.wolffebikes.com\/fr-ca\/politique-de-retour\/\"]}]},{\"@type\":\"WebSite\",\"@id\":\"https:\/\/demo.wolffebikes.com\/#website\",\"url\":\"https:\/\/demo.wolffebikes.com\/\",\"name\":\"Wolff E-Bikes\",\"description\":\"An e-bike for every type of rider.\",\"publisher\":{\"@id\":\"https:\/\/demo.wolffebikes.com\/#organization\"},\"potentialAction\":[{\"@type\":\"SearchAction\",\"target\":{\"@type\":\"EntryPoint\",\"urlTemplate\":\"https:\/\/demo.wolffebikes.com\/?s={search_term_string}\"},\"query-input\":\"required name=search_term_string\"}],\"inLanguage\":\"fr-CA\"},{\"@type\":\"Organization\",\"@id\":\"https:\/\/demo.wolffebikes.com\/#organization\",\"name\":\"Wolff E-Bikes\",\"url\":\"https:\/\/demo.wolffebikes.com\/\",\"logo\":{\"@type\":\"ImageObject\",\"inLanguage\":\"fr-CA\",\"@id\":\"https:\/\/demo.wolffebikes.com\/#\/schema\/logo\/image\/\",\"url\":\"https:\/\/demo.wolffebikes.com\/wp-content\/uploads\/2021\/08\/Wolff-logo.svg\",\"contentUrl\":\"https:\/\/demo.wolffebikes.com\/wp-content\/uploads\/2021\/08\/Wolff-logo.svg\",\"caption\":\"Wolff E-Bikes\"},\"image\":{\"@id\":\"https:\/\/demo.wolffebikes.com\/#\/schema\/logo\/image\/\"},\"sameAs\":[\"https:\/\/www.facebook.com\/wolffebikes\",\"https:\/\/www.instagram.com\/wolffebikes\/\",\"https:\/\/www.linkedin.com\/company\/wolff-pedelec-inc\"]}]}<\/script>\n<!-- \/ Yoast SEO plugin. -->","yoast_head_json":{"title":"Politique de retour - Wolff E-Bikes","robots":{"index":"noindex","follow":"follow","max-snippet":"max-snippet:-1","max-image-preview":"max-image-preview:large","max-video-preview":"max-video-preview:-1"},"schema":{"@context":"https:\/\/schema.org","@graph":[{"@type":"WebPage","@id":"https:\/\/demo.wolffebikes.com\/fr-ca\/politique-de-retour\/","url":"https:\/\/demo.wolffebikes.com\/fr-ca\/politique-de-retour\/","name":"Politique de retour - Wolff E-Bikes","isPartOf":{"@id":"https:\/\/demo.wolffebikes.com\/#website"},"datePublished":"2021-08-24T18:41:50+00:00","dateModified":"2022-01-10T20:51:24+00:00","inLanguage":"fr-CA","potentialAction":[{"@type":"ReadAction","target":["https:\/\/demo.wolffebikes.com\/fr-ca\/politique-de-retour\/"]}]},{"@type":"WebSite","@id":"https:\/\/demo.wolffebikes.com\/#website","url":"https:\/\/demo.wolffebikes.com\/","name":"Wolff E-Bikes","description":"An e-bike for every type of rider.","publisher":{"@id":"https:\/\/demo.wolffebikes.com\/#organization"},"potentialAction":[{"@type":"SearchAction","target":{"@type":"EntryPoint","urlTemplate":"https:\/\/demo.wolffebikes.com\/?s={search_term_string}"},"query-input":"required name=search_term_string"}],"inLanguage":"fr-CA"},{"@type":"Organization","@id":"https:\/\/demo.wolffebikes.com\/#organization","name":"Wolff E-Bikes","url":"https:\/\/demo.wolffebikes.com\/","logo":{"@type":"ImageObject","inLanguage":"fr-CA","@id":"https:\/\/demo.wolffebikes.com\/#\/schema\/logo\/image\/","url":"https:\/\/demo.wolffebikes.com\/wp-content\/uploads\/2021\/08\/Wolff-logo.svg","contentUrl":"https:\/\/demo.wolffebikes.com\/wp-content\/uploads\/2021\/08\/Wolff-logo.svg","caption":"Wolff E-Bikes"},"image":{"@id":"https:\/\/demo.wolffebikes.com\/#\/schema\/logo\/image\/"},"sameAs":["https:\/\/www.facebook.com\/wolffebikes","https:\/\/www.instagram.com\/wolffebikes\/","https:\/\/www.linkedin.com\/company\/wolff-pedelec-inc"]}]}},"jetpack_sharing_enabled":true,"_links":{"self":[{"href":"https:\/\/demo.wolffebikes.com\/fr-ca\/wp-json\/wp\/v2\/pages\/1958"}],"collection":[{"href":"https:\/\/demo.wolffebikes.com\/fr-ca\/wp-json\/wp\/v2\/pages"}],"about":[{"href":"https:\/\/demo.wolffebikes.com\/fr-ca\/wp-json\/wp\/v2\/types\/page"}],"author":[{"embeddable":true,"href":"https:\/\/demo.wolffebikes.com\/fr-ca\/wp-json\/wp\/v2\/users\/2"}],"replies":[{"embeddable":true,"href":"https:\/\/demo.wolffebikes.com\/fr-ca\/wp-json\/wp\/v2\/comments?post=1958"}],"version-history":[{"count":0,"href":"https:\/\/demo.wolffebikes.com\/fr-ca\/wp-json\/wp\/v2\/pages\/1958\/revisions"}],"wp:attachment":[{"href":"https:\/\/demo.wolffebikes.com\/fr-ca\/wp-json\/wp\/v2\/media?parent=1958"}],"curies":[{"name":"wp","href":"https:\/\/api.w.org\/{rel}","templated":true}]}}