{"id":4966,"date":"2023-05-31T13:56:30","date_gmt":"2023-05-31T17:56:30","guid":{"rendered":"https:\/\/demo.wolffebikes.com\/?post_type=product&#038;p=4966"},"modified":"2023-08-01T12:30:39","modified_gmt":"2023-08-01T16:30:39","slug":"pegasus","status":"publish","type":"product","link":"https:\/\/demo.wolffebikes.com\/fr-ca\/produit\/pegasus\/","title":{"rendered":"Pegasus"},"excerpt":{"rendered":"<p>Voici notre v\u00e9lo \u00e9lectrique le plus sophistiqu\u00e9. Robuste, \u00e9l\u00e9gant et hautement d\u00e9velopp\u00e9, Pegasus est notre v\u00e9lo urbain classique dot\u00e9 des meilleures fonctionnalit\u00e9s suppl\u00e9mentaires. Avec son moteur p\u00e9dalier (<em>torque sensor<\/em>) et son acc\u00e9l\u00e9rateur de derni\u00e8re technologie, il est parfait pour les d\u00e9placements en ville et pour les balades. Confortable, fiable et \u00e9l\u00e9gant, Pegasus offre une qualit\u00e9 sup\u00e9rieure \u00e0 un prix plus qu\u2019abordable. Il est s\u00fbr de plaire !<\/p>\n","protected":false},"featured_media":4934,"template":"","product_cat":[82],"product_tag":[],"yoast_head":"<!-- This site is optimized with the Yoast SEO plugin v21.3 - https:\/\/yoast.com\/wordpress\/plugins\/seo\/ -->\n<title>Pegasus - Wolff E-Bikes<\/title>\n<meta name=\"robots\" content=\"noindex, follow, max-snippet:-1, max-image-preview:large, max-video-preview:-1\" \/>\n<script type=\"application\/ld+json\" class=\"yoast-schema-graph\">{\"@context\":\"https:\/\/schema.org\",\"@graph\":[{\"@type\":\"WebPage\",\"@id\":\"https:\/\/demo.wolffebikes.com\/fr-ca\/produit\/pegasus\/\",\"url\":\"https:\/\/demo.wolffebikes.com\/fr-ca\/produit\/pegasus\/\",\"name\":\"Pegasus - Wolff E-Bikes\",\"isPartOf\":{\"@id\":\"https:\/\/demo.wolffebikes.com\/#website\"},\"datePublished\":\"2023-05-31T17:56:30+00:00\",\"dateModified\":\"2023-08-01T16:30:39+00:00\",\"breadcrumb\":{\"@id\":\"https:\/\/demo.wolffebikes.com\/fr-ca\/produit\/pegasus\/#breadcrumb\"},\"inLanguage\":\"fr-CA\",\"potentialAction\":[{\"@type\":\"ReadAction\",\"target\":[\"https:\/\/demo.wolffebikes.com\/fr-ca\/produit\/pegasus\/\"]}]},{\"@type\":\"BreadcrumbList\",\"@id\":\"https:\/\/demo.wolffebikes.com\/fr-ca\/produit\/pegasus\/#breadcrumb\",\"itemListElement\":[{\"@type\":\"ListItem\",\"position\":1,\"name\":\"E-Bikes\",\"item\":\"https:\/\/demo.wolffebikes.com\/e-bikes\/\"},{\"@type\":\"ListItem\",\"position\":2,\"name\":\"Pegasus\"}]},{\"@type\":\"WebSite\",\"@id\":\"https:\/\/demo.wolffebikes.com\/#website\",\"url\":\"https:\/\/demo.wolffebikes.com\/\",\"name\":\"Wolff E-Bikes\",\"description\":\"An e-bike for every type of rider.\",\"publisher\":{\"@id\":\"https:\/\/demo.wolffebikes.com\/#organization\"},\"potentialAction\":[{\"@type\":\"SearchAction\",\"target\":{\"@type\":\"EntryPoint\",\"urlTemplate\":\"https:\/\/demo.wolffebikes.com\/?s={search_term_string}\"},\"query-input\":\"required name=search_term_string\"}],\"inLanguage\":\"fr-CA\"},{\"@type\":\"Organization\",\"@id\":\"https:\/\/demo.wolffebikes.com\/#organization\",\"name\":\"Wolff E-Bikes\",\"url\":\"https:\/\/demo.wolffebikes.com\/\",\"logo\":{\"@type\":\"ImageObject\",\"inLanguage\":\"fr-CA\",\"@id\":\"https:\/\/demo.wolffebikes.com\/#\/schema\/logo\/image\/\",\"url\":\"https:\/\/demo.wolffebikes.com\/wp-content\/uploads\/2021\/08\/Wolff-logo.svg\",\"contentUrl\":\"https:\/\/demo.wolffebikes.com\/wp-content\/uploads\/2021\/08\/Wolff-logo.svg\",\"caption\":\"Wolff E-Bikes\"},\"image\":{\"@id\":\"https:\/\/demo.wolffebikes.com\/#\/schema\/logo\/image\/\"},\"sameAs\":[\"https:\/\/www.facebook.com\/wolffebikes\",\"https:\/\/www.instagram.com\/wolffebikes\/\",\"https:\/\/www.linkedin.com\/company\/wolff-pedelec-inc\"]}]}<\/script>\n<!-- \/ Yoast SEO plugin. -->","yoast_head_json":{"title":"Pegasus - Wolff E-Bikes","robots":{"index":"noindex","follow":"follow","max-snippet":"max-snippet:-1","max-image-preview":"max-image-preview:large","max-video-preview":"max-video-preview:-1"},"schema":{"@context":"https:\/\/schema.org","@graph":[{"@type":"WebPage","@id":"https:\/\/demo.wolffebikes.com\/fr-ca\/produit\/pegasus\/","url":"https:\/\/demo.wolffebikes.com\/fr-ca\/produit\/pegasus\/","name":"Pegasus - Wolff E-Bikes","isPartOf":{"@id":"https:\/\/demo.wolffebikes.com\/#website"},"datePublished":"2023-05-31T17:56:30+00:00","dateModified":"2023-08-01T16:30:39+00:00","breadcrumb":{"@id":"https:\/\/demo.wolffebikes.com\/fr-ca\/produit\/pegasus\/#breadcrumb"},"inLanguage":"fr-CA","potentialAction":[{"@type":"ReadAction","target":["https:\/\/demo.wolffebikes.com\/fr-ca\/produit\/pegasus\/"]}]},{"@type":"BreadcrumbList","@id":"https:\/\/demo.wolffebikes.com\/fr-ca\/produit\/pegasus\/#breadcrumb","itemListElement":[{"@type":"ListItem","position":1,"name":"E-Bikes","item":"https:\/\/demo.wolffebikes.com\/e-bikes\/"},{"@type":"ListItem","position":2,"name":"Pegasus"}]},{"@type":"WebSite","@id":"https:\/\/demo.wolffebikes.com\/#website","url":"https:\/\/demo.wolffebikes.com\/","name":"Wolff E-Bikes","description":"An e-bike for every type of rider.","publisher":{"@id":"https:\/\/demo.wolffebikes.com\/#organization"},"potentialAction":[{"@type":"SearchAction","target":{"@type":"EntryPoint","urlTemplate":"https:\/\/demo.wolffebikes.com\/?s={search_term_string}"},"query-input":"required name=search_term_string"}],"inLanguage":"fr-CA"},{"@type":"Organization","@id":"https:\/\/demo.wolffebikes.com\/#organization","name":"Wolff E-Bikes","url":"https:\/\/demo.wolffebikes.com\/","logo":{"@type":"ImageObject","inLanguage":"fr-CA","@id":"https:\/\/demo.wolffebikes.com\/#\/schema\/logo\/image\/","url":"https:\/\/demo.wolffebikes.com\/wp-content\/uploads\/2021\/08\/Wolff-logo.svg","contentUrl":"https:\/\/demo.wolffebikes.com\/wp-content\/uploads\/2021\/08\/Wolff-logo.svg","caption":"Wolff E-Bikes"},"image":{"@id":"https:\/\/demo.wolffebikes.com\/#\/schema\/logo\/image\/"},"sameAs":["https:\/\/www.facebook.com\/wolffebikes","https:\/\/www.instagram.com\/wolffebikes\/","https:\/\/www.linkedin.com\/company\/wolff-pedelec-inc"]}]}},"jetpack_sharing_enabled":true,"_links":{"self":[{"href":"https:\/\/demo.wolffebikes.com\/fr-ca\/wp-json\/wp\/v2\/product\/4966"}],"collection":[{"href":"https:\/\/demo.wolffebikes.com\/fr-ca\/wp-json\/wp\/v2\/product"}],"about":[{"href":"https:\/\/demo.wolffebikes.com\/fr-ca\/wp-json\/wp\/v2\/types\/product"}],"wp:featuredmedia":[{"embeddable":true,"href":"https:\/\/demo.wolffebikes.com\/fr-ca\/wp-json\/wp\/v2\/media\/4934"}],"wp:attachment":[{"href":"https:\/\/demo.wolffebikes.com\/fr-ca\/wp-json\/wp\/v2\/media?parent=4966"}],"wp:term":[{"taxonomy":"product_cat","embeddable":true,"href":"https:\/\/demo.wolffebikes.com\/fr-ca\/wp-json\/wp\/v2\/product_cat?post=4966"},{"taxonomy":"product_tag","embeddable":true,"href":"https:\/\/demo.wolffebikes.com\/fr-ca\/wp-json\/wp\/v2\/product_tag?post=4966"}],"curies":[{"name":"wp","href":"https:\/\/api.w.org\/{rel}","templated":true}]}}