{"id":5003,"date":"2023-05-31T14:13:49","date_gmt":"2023-05-31T18:13:49","guid":{"rendered":"https:\/\/demo.wolffebikes.com\/?post_type=product&#038;p=5003"},"modified":"2023-08-01T11:15:03","modified_gmt":"2023-08-01T15:15:03","slug":"gemini","status":"publish","type":"product","link":"https:\/\/demo.wolffebikes.com\/fr-ca\/produit\/gemini\/","title":{"rendered":"Gemini"},"excerpt":{"rendered":"<p>Comme un fid\u00e8le ami, le Gemini vous am\u00e8nera toujours \u00e0 bon port. Gr\u00e2ce \u00e0 ses poign\u00e9es pliables, il est portable et prend peu de place lorsqu\u2019il n\u2019est pas utilis\u00e9. Facile \u00e0 enfourcher, Gemini est pr\u00eat \u00e0 faire la f\u00eate quand vous le souhaitez. Si vous appr\u00e9ciez le confort, la commodit\u00e9 et choisissez d\u2019\u00eatre \u00e9conome avec votre argent, alors Gemini est le v\u00e9lo \u00e9lectrique qu\u2019il vous faut !<\/p>\n","protected":false},"featured_media":4973,"template":"","product_cat":[134],"product_tag":[],"yoast_head":"<!-- This site is optimized with the Yoast SEO plugin v21.3 - https:\/\/yoast.com\/wordpress\/plugins\/seo\/ -->\n<title>Gemini - Wolff E-Bikes<\/title>\n<meta name=\"robots\" content=\"noindex, follow, max-snippet:-1, max-image-preview:large, max-video-preview:-1\" \/>\n<script type=\"application\/ld+json\" class=\"yoast-schema-graph\">{\"@context\":\"https:\/\/schema.org\",\"@graph\":[{\"@type\":\"WebPage\",\"@id\":\"https:\/\/demo.wolffebikes.com\/fr-ca\/produit\/gemini\/\",\"url\":\"https:\/\/demo.wolffebikes.com\/fr-ca\/produit\/gemini\/\",\"name\":\"Gemini - Wolff E-Bikes\",\"isPartOf\":{\"@id\":\"https:\/\/demo.wolffebikes.com\/#website\"},\"datePublished\":\"2023-05-31T18:13:49+00:00\",\"dateModified\":\"2023-08-01T15:15:03+00:00\",\"breadcrumb\":{\"@id\":\"https:\/\/demo.wolffebikes.com\/fr-ca\/produit\/gemini\/#breadcrumb\"},\"inLanguage\":\"fr-CA\",\"potentialAction\":[{\"@type\":\"ReadAction\",\"target\":[\"https:\/\/demo.wolffebikes.com\/fr-ca\/produit\/gemini\/\"]}]},{\"@type\":\"BreadcrumbList\",\"@id\":\"https:\/\/demo.wolffebikes.com\/fr-ca\/produit\/gemini\/#breadcrumb\",\"itemListElement\":[{\"@type\":\"ListItem\",\"position\":1,\"name\":\"E-Bikes\",\"item\":\"https:\/\/demo.wolffebikes.com\/e-bikes\/\"},{\"@type\":\"ListItem\",\"position\":2,\"name\":\"Gemini\"}]},{\"@type\":\"WebSite\",\"@id\":\"https:\/\/demo.wolffebikes.com\/#website\",\"url\":\"https:\/\/demo.wolffebikes.com\/\",\"name\":\"Wolff E-Bikes\",\"description\":\"An e-bike for every type of rider.\",\"publisher\":{\"@id\":\"https:\/\/demo.wolffebikes.com\/#organization\"},\"potentialAction\":[{\"@type\":\"SearchAction\",\"target\":{\"@type\":\"EntryPoint\",\"urlTemplate\":\"https:\/\/demo.wolffebikes.com\/?s={search_term_string}\"},\"query-input\":\"required name=search_term_string\"}],\"inLanguage\":\"fr-CA\"},{\"@type\":\"Organization\",\"@id\":\"https:\/\/demo.wolffebikes.com\/#organization\",\"name\":\"Wolff E-Bikes\",\"url\":\"https:\/\/demo.wolffebikes.com\/\",\"logo\":{\"@type\":\"ImageObject\",\"inLanguage\":\"fr-CA\",\"@id\":\"https:\/\/demo.wolffebikes.com\/#\/schema\/logo\/image\/\",\"url\":\"https:\/\/demo.wolffebikes.com\/wp-content\/uploads\/2021\/08\/Wolff-logo.svg\",\"contentUrl\":\"https:\/\/demo.wolffebikes.com\/wp-content\/uploads\/2021\/08\/Wolff-logo.svg\",\"caption\":\"Wolff E-Bikes\"},\"image\":{\"@id\":\"https:\/\/demo.wolffebikes.com\/#\/schema\/logo\/image\/\"},\"sameAs\":[\"https:\/\/www.facebook.com\/wolffebikes\",\"https:\/\/www.instagram.com\/wolffebikes\/\",\"https:\/\/www.linkedin.com\/company\/wolff-pedelec-inc\"]}]}<\/script>\n<!-- \/ Yoast SEO plugin. -->","yoast_head_json":{"title":"Gemini - Wolff E-Bikes","robots":{"index":"noindex","follow":"follow","max-snippet":"max-snippet:-1","max-image-preview":"max-image-preview:large","max-video-preview":"max-video-preview:-1"},"schema":{"@context":"https:\/\/schema.org","@graph":[{"@type":"WebPage","@id":"https:\/\/demo.wolffebikes.com\/fr-ca\/produit\/gemini\/","url":"https:\/\/demo.wolffebikes.com\/fr-ca\/produit\/gemini\/","name":"Gemini - Wolff E-Bikes","isPartOf":{"@id":"https:\/\/demo.wolffebikes.com\/#website"},"datePublished":"2023-05-31T18:13:49+00:00","dateModified":"2023-08-01T15:15:03+00:00","breadcrumb":{"@id":"https:\/\/demo.wolffebikes.com\/fr-ca\/produit\/gemini\/#breadcrumb"},"inLanguage":"fr-CA","potentialAction":[{"@type":"ReadAction","target":["https:\/\/demo.wolffebikes.com\/fr-ca\/produit\/gemini\/"]}]},{"@type":"BreadcrumbList","@id":"https:\/\/demo.wolffebikes.com\/fr-ca\/produit\/gemini\/#breadcrumb","itemListElement":[{"@type":"ListItem","position":1,"name":"E-Bikes","item":"https:\/\/demo.wolffebikes.com\/e-bikes\/"},{"@type":"ListItem","position":2,"name":"Gemini"}]},{"@type":"WebSite","@id":"https:\/\/demo.wolffebikes.com\/#website","url":"https:\/\/demo.wolffebikes.com\/","name":"Wolff E-Bikes","description":"An e-bike for every type of rider.","publisher":{"@id":"https:\/\/demo.wolffebikes.com\/#organization"},"potentialAction":[{"@type":"SearchAction","target":{"@type":"EntryPoint","urlTemplate":"https:\/\/demo.wolffebikes.com\/?s={search_term_string}"},"query-input":"required name=search_term_string"}],"inLanguage":"fr-CA"},{"@type":"Organization","@id":"https:\/\/demo.wolffebikes.com\/#organization","name":"Wolff E-Bikes","url":"https:\/\/demo.wolffebikes.com\/","logo":{"@type":"ImageObject","inLanguage":"fr-CA","@id":"https:\/\/demo.wolffebikes.com\/#\/schema\/logo\/image\/","url":"https:\/\/demo.wolffebikes.com\/wp-content\/uploads\/2021\/08\/Wolff-logo.svg","contentUrl":"https:\/\/demo.wolffebikes.com\/wp-content\/uploads\/2021\/08\/Wolff-logo.svg","caption":"Wolff E-Bikes"},"image":{"@id":"https:\/\/demo.wolffebikes.com\/#\/schema\/logo\/image\/"},"sameAs":["https:\/\/www.facebook.com\/wolffebikes","https:\/\/www.instagram.com\/wolffebikes\/","https:\/\/www.linkedin.com\/company\/wolff-pedelec-inc"]}]}},"jetpack_sharing_enabled":true,"_links":{"self":[{"href":"https:\/\/demo.wolffebikes.com\/fr-ca\/wp-json\/wp\/v2\/product\/5003"}],"collection":[{"href":"https:\/\/demo.wolffebikes.com\/fr-ca\/wp-json\/wp\/v2\/product"}],"about":[{"href":"https:\/\/demo.wolffebikes.com\/fr-ca\/wp-json\/wp\/v2\/types\/product"}],"wp:featuredmedia":[{"embeddable":true,"href":"https:\/\/demo.wolffebikes.com\/fr-ca\/wp-json\/wp\/v2\/media\/4973"}],"wp:attachment":[{"href":"https:\/\/demo.wolffebikes.com\/fr-ca\/wp-json\/wp\/v2\/media?parent=5003"}],"wp:term":[{"taxonomy":"product_cat","embeddable":true,"href":"https:\/\/demo.wolffebikes.com\/fr-ca\/wp-json\/wp\/v2\/product_cat?post=5003"},{"taxonomy":"product_tag","embeddable":true,"href":"https:\/\/demo.wolffebikes.com\/fr-ca\/wp-json\/wp\/v2\/product_tag?post=5003"}],"curies":[{"name":"wp","href":"https:\/\/api.w.org\/{rel}","templated":true}]}}