{"id":597,"date":"2021-10-01T20:31:40","date_gmt":"2021-10-02T00:31:40","guid":{"rendered":"https:\/\/demo.wolffebikes.com\/product\/orion\/"},"modified":"2023-08-01T12:34:55","modified_gmt":"2023-08-01T16:34:55","slug":"orion","status":"publish","type":"product","link":"https:\/\/demo.wolffebikes.com\/fr-ca\/produit\/orion\/","title":{"rendered":"Orion"},"excerpt":{"rendered":"<p>Rapide et l\u00e9ger, ce v\u00e9lo de ville classique au look minimaliste offre une conduite en douceur dans les rues anim\u00e9es de la ville. Vous voulez \u00e9viter le trafic, les stationnements couteux et vous d\u00e9placez \u00e0 vive allure ? Le v\u00e9lo \u00e9lectrique Orion est votre combinaison parfaite !<\/p>\n","protected":false},"featured_media":2046,"template":"","product_cat":[82],"product_tag":[],"yoast_head":"<!-- This site is optimized with the Yoast SEO plugin v21.3 - https:\/\/yoast.com\/wordpress\/plugins\/seo\/ -->\n<title>Orion City Electric Bike - Wolff E-Bikes - Canada &amp; US<\/title>\n<meta name=\"description\" content=\"Orion electric bike is perfect for urban commuting. Its sleek design and smooth acceleration will make you forget you&#039;re riding an e-bike!\" \/>\n<meta name=\"robots\" content=\"noindex, follow, max-snippet:-1, max-image-preview:large, max-video-preview:-1\" \/>\n<script type=\"application\/ld+json\" class=\"yoast-schema-graph\">{\"@context\":\"https:\/\/schema.org\",\"@graph\":[{\"@type\":\"WebPage\",\"@id\":\"https:\/\/demo.wolffebikes.com\/fr-ca\/produit\/orion\/\",\"url\":\"https:\/\/demo.wolffebikes.com\/fr-ca\/produit\/orion\/\",\"name\":\"Orion City Electric Bike - Wolff E-Bikes - Canada & US\",\"isPartOf\":{\"@id\":\"https:\/\/demo.wolffebikes.com\/#website\"},\"datePublished\":\"2021-10-02T00:31:40+00:00\",\"dateModified\":\"2023-08-01T16:34:55+00:00\",\"description\":\"Orion electric bike is perfect for urban commuting. Its sleek design and smooth acceleration will make you forget you're riding an e-bike!\",\"breadcrumb\":{\"@id\":\"https:\/\/demo.wolffebikes.com\/fr-ca\/produit\/orion\/#breadcrumb\"},\"inLanguage\":\"fr-CA\",\"potentialAction\":[{\"@type\":\"ReadAction\",\"target\":[\"https:\/\/demo.wolffebikes.com\/fr-ca\/produit\/orion\/\"]}]},{\"@type\":\"BreadcrumbList\",\"@id\":\"https:\/\/demo.wolffebikes.com\/fr-ca\/produit\/orion\/#breadcrumb\",\"itemListElement\":[{\"@type\":\"ListItem\",\"position\":1,\"name\":\"E-Bikes\",\"item\":\"https:\/\/demo.wolffebikes.com\/e-bikes\/\"},{\"@type\":\"ListItem\",\"position\":2,\"name\":\"Orion\"}]},{\"@type\":\"WebSite\",\"@id\":\"https:\/\/demo.wolffebikes.com\/#website\",\"url\":\"https:\/\/demo.wolffebikes.com\/\",\"name\":\"Wolff E-Bikes\",\"description\":\"An e-bike for every type of rider.\",\"publisher\":{\"@id\":\"https:\/\/demo.wolffebikes.com\/#organization\"},\"potentialAction\":[{\"@type\":\"SearchAction\",\"target\":{\"@type\":\"EntryPoint\",\"urlTemplate\":\"https:\/\/demo.wolffebikes.com\/?s={search_term_string}\"},\"query-input\":\"required name=search_term_string\"}],\"inLanguage\":\"fr-CA\"},{\"@type\":\"Organization\",\"@id\":\"https:\/\/demo.wolffebikes.com\/#organization\",\"name\":\"Wolff E-Bikes\",\"url\":\"https:\/\/demo.wolffebikes.com\/\",\"logo\":{\"@type\":\"ImageObject\",\"inLanguage\":\"fr-CA\",\"@id\":\"https:\/\/demo.wolffebikes.com\/#\/schema\/logo\/image\/\",\"url\":\"https:\/\/demo.wolffebikes.com\/wp-content\/uploads\/2021\/08\/Wolff-logo.svg\",\"contentUrl\":\"https:\/\/demo.wolffebikes.com\/wp-content\/uploads\/2021\/08\/Wolff-logo.svg\",\"caption\":\"Wolff E-Bikes\"},\"image\":{\"@id\":\"https:\/\/demo.wolffebikes.com\/#\/schema\/logo\/image\/\"},\"sameAs\":[\"https:\/\/www.facebook.com\/wolffebikes\",\"https:\/\/www.instagram.com\/wolffebikes\/\",\"https:\/\/www.linkedin.com\/company\/wolff-pedelec-inc\"]}]}<\/script>\n<!-- \/ Yoast SEO plugin. -->","yoast_head_json":{"title":"Orion City Electric Bike - Wolff E-Bikes - Canada & US","description":"Orion electric bike is perfect for urban commuting. Its sleek design and smooth acceleration will make you forget you're riding an e-bike!","robots":{"index":"noindex","follow":"follow","max-snippet":"max-snippet:-1","max-image-preview":"max-image-preview:large","max-video-preview":"max-video-preview:-1"},"schema":{"@context":"https:\/\/schema.org","@graph":[{"@type":"WebPage","@id":"https:\/\/demo.wolffebikes.com\/fr-ca\/produit\/orion\/","url":"https:\/\/demo.wolffebikes.com\/fr-ca\/produit\/orion\/","name":"Orion City Electric Bike - Wolff E-Bikes - Canada & US","isPartOf":{"@id":"https:\/\/demo.wolffebikes.com\/#website"},"datePublished":"2021-10-02T00:31:40+00:00","dateModified":"2023-08-01T16:34:55+00:00","description":"Orion electric bike is perfect for urban commuting. Its sleek design and smooth acceleration will make you forget you're riding an e-bike!","breadcrumb":{"@id":"https:\/\/demo.wolffebikes.com\/fr-ca\/produit\/orion\/#breadcrumb"},"inLanguage":"fr-CA","potentialAction":[{"@type":"ReadAction","target":["https:\/\/demo.wolffebikes.com\/fr-ca\/produit\/orion\/"]}]},{"@type":"BreadcrumbList","@id":"https:\/\/demo.wolffebikes.com\/fr-ca\/produit\/orion\/#breadcrumb","itemListElement":[{"@type":"ListItem","position":1,"name":"E-Bikes","item":"https:\/\/demo.wolffebikes.com\/e-bikes\/"},{"@type":"ListItem","position":2,"name":"Orion"}]},{"@type":"WebSite","@id":"https:\/\/demo.wolffebikes.com\/#website","url":"https:\/\/demo.wolffebikes.com\/","name":"Wolff E-Bikes","description":"An e-bike for every type of rider.","publisher":{"@id":"https:\/\/demo.wolffebikes.com\/#organization"},"potentialAction":[{"@type":"SearchAction","target":{"@type":"EntryPoint","urlTemplate":"https:\/\/demo.wolffebikes.com\/?s={search_term_string}"},"query-input":"required name=search_term_string"}],"inLanguage":"fr-CA"},{"@type":"Organization","@id":"https:\/\/demo.wolffebikes.com\/#organization","name":"Wolff E-Bikes","url":"https:\/\/demo.wolffebikes.com\/","logo":{"@type":"ImageObject","inLanguage":"fr-CA","@id":"https:\/\/demo.wolffebikes.com\/#\/schema\/logo\/image\/","url":"https:\/\/demo.wolffebikes.com\/wp-content\/uploads\/2021\/08\/Wolff-logo.svg","contentUrl":"https:\/\/demo.wolffebikes.com\/wp-content\/uploads\/2021\/08\/Wolff-logo.svg","caption":"Wolff E-Bikes"},"image":{"@id":"https:\/\/demo.wolffebikes.com\/#\/schema\/logo\/image\/"},"sameAs":["https:\/\/www.facebook.com\/wolffebikes","https:\/\/www.instagram.com\/wolffebikes\/","https:\/\/www.linkedin.com\/company\/wolff-pedelec-inc"]}]}},"jetpack_sharing_enabled":true,"_links":{"self":[{"href":"https:\/\/demo.wolffebikes.com\/fr-ca\/wp-json\/wp\/v2\/product\/597"}],"collection":[{"href":"https:\/\/demo.wolffebikes.com\/fr-ca\/wp-json\/wp\/v2\/product"}],"about":[{"href":"https:\/\/demo.wolffebikes.com\/fr-ca\/wp-json\/wp\/v2\/types\/product"}],"wp:featuredmedia":[{"embeddable":true,"href":"https:\/\/demo.wolffebikes.com\/fr-ca\/wp-json\/wp\/v2\/media\/2046"}],"wp:attachment":[{"href":"https:\/\/demo.wolffebikes.com\/fr-ca\/wp-json\/wp\/v2\/media?parent=597"}],"wp:term":[{"taxonomy":"product_cat","embeddable":true,"href":"https:\/\/demo.wolffebikes.com\/fr-ca\/wp-json\/wp\/v2\/product_cat?post=597"},{"taxonomy":"product_tag","embeddable":true,"href":"https:\/\/demo.wolffebikes.com\/fr-ca\/wp-json\/wp\/v2\/product_tag?post=597"}],"curies":[{"name":"wp","href":"https:\/\/api.w.org\/{rel}","templated":true}]}}