{"id":758,"date":"2021-09-02T16:40:39","date_gmt":"2021-09-02T20:40:39","guid":{"rendered":"https:\/\/demo.wolffebikes.com\/?post_type=product&#038;p=758"},"modified":"2023-08-01T12:37:48","modified_gmt":"2023-08-01T16:37:48","slug":"utopia","status":"publish","type":"product","link":"https:\/\/demo.wolffebikes.com\/fr-ca\/produit\/utopia\/","title":{"rendered":"Utopia"},"excerpt":{"rendered":"<p>Utopia est notre v\u00e9lo \u00e9lectrique le plus confortable et le plus versatile. Avec un moteur Jiabo 48V 500W et de gros pneus r\u00e9sistants aux crevaisons pour plus de stabilit\u00e9, Utopia est parfait \u00e0 la plage, pour la promenade ou sur la neige. Facile \u00e0 man\u0153uvrer et amusant \u00e0 piloter, la seule question que vous vous poserez est pourquoi vous avez attendu si longtemps pour l\u2019obtenir !<\/p>\n","protected":false},"featured_media":2427,"template":"","product_cat":[83,134],"product_tag":[],"yoast_head":"<!-- This site is optimized with the Yoast SEO plugin v21.3 - https:\/\/yoast.com\/wordpress\/plugins\/seo\/ -->\n<title>Utopia Folding Fat Tire E-Bike - Wolff E-Bikes<\/title>\n<meta name=\"description\" content=\"Utopia electric bike is folding and fat-tire, perfect for beach and snow. Its mug wheels add to longevity and sleek looks.\" \/>\n<meta name=\"robots\" content=\"noindex, follow, max-snippet:-1, max-image-preview:large, max-video-preview:-1\" \/>\n<script type=\"application\/ld+json\" class=\"yoast-schema-graph\">{\"@context\":\"https:\/\/schema.org\",\"@graph\":[{\"@type\":\"WebPage\",\"@id\":\"https:\/\/demo.wolffebikes.com\/fr-ca\/produit\/utopia\/\",\"url\":\"https:\/\/demo.wolffebikes.com\/fr-ca\/produit\/utopia\/\",\"name\":\"Utopia Folding Fat Tire E-Bike - Wolff E-Bikes\",\"isPartOf\":{\"@id\":\"https:\/\/demo.wolffebikes.com\/#website\"},\"datePublished\":\"2021-09-02T20:40:39+00:00\",\"dateModified\":\"2023-08-01T16:37:48+00:00\",\"description\":\"Utopia electric bike is folding and fat-tire, perfect for beach and snow. Its mug wheels add to longevity and sleek looks.\",\"breadcrumb\":{\"@id\":\"https:\/\/demo.wolffebikes.com\/fr-ca\/produit\/utopia\/#breadcrumb\"},\"inLanguage\":\"fr-CA\",\"potentialAction\":[{\"@type\":\"ReadAction\",\"target\":[\"https:\/\/demo.wolffebikes.com\/fr-ca\/produit\/utopia\/\"]}]},{\"@type\":\"BreadcrumbList\",\"@id\":\"https:\/\/demo.wolffebikes.com\/fr-ca\/produit\/utopia\/#breadcrumb\",\"itemListElement\":[{\"@type\":\"ListItem\",\"position\":1,\"name\":\"E-Bikes\",\"item\":\"https:\/\/demo.wolffebikes.com\/e-bikes\/\"},{\"@type\":\"ListItem\",\"position\":2,\"name\":\"Utopia\"}]},{\"@type\":\"WebSite\",\"@id\":\"https:\/\/demo.wolffebikes.com\/#website\",\"url\":\"https:\/\/demo.wolffebikes.com\/\",\"name\":\"Wolff E-Bikes\",\"description\":\"An e-bike for every type of rider.\",\"publisher\":{\"@id\":\"https:\/\/demo.wolffebikes.com\/#organization\"},\"potentialAction\":[{\"@type\":\"SearchAction\",\"target\":{\"@type\":\"EntryPoint\",\"urlTemplate\":\"https:\/\/demo.wolffebikes.com\/?s={search_term_string}\"},\"query-input\":\"required name=search_term_string\"}],\"inLanguage\":\"fr-CA\"},{\"@type\":\"Organization\",\"@id\":\"https:\/\/demo.wolffebikes.com\/#organization\",\"name\":\"Wolff E-Bikes\",\"url\":\"https:\/\/demo.wolffebikes.com\/\",\"logo\":{\"@type\":\"ImageObject\",\"inLanguage\":\"fr-CA\",\"@id\":\"https:\/\/demo.wolffebikes.com\/#\/schema\/logo\/image\/\",\"url\":\"https:\/\/demo.wolffebikes.com\/wp-content\/uploads\/2021\/08\/Wolff-logo.svg\",\"contentUrl\":\"https:\/\/demo.wolffebikes.com\/wp-content\/uploads\/2021\/08\/Wolff-logo.svg\",\"caption\":\"Wolff E-Bikes\"},\"image\":{\"@id\":\"https:\/\/demo.wolffebikes.com\/#\/schema\/logo\/image\/\"},\"sameAs\":[\"https:\/\/www.facebook.com\/wolffebikes\",\"https:\/\/www.instagram.com\/wolffebikes\/\",\"https:\/\/www.linkedin.com\/company\/wolff-pedelec-inc\"]}]}<\/script>\n<!-- \/ Yoast SEO plugin. -->","yoast_head_json":{"title":"Utopia Folding Fat Tire E-Bike - Wolff E-Bikes","description":"Utopia electric bike is folding and fat-tire, perfect for beach and snow. Its mug wheels add to longevity and sleek looks.","robots":{"index":"noindex","follow":"follow","max-snippet":"max-snippet:-1","max-image-preview":"max-image-preview:large","max-video-preview":"max-video-preview:-1"},"schema":{"@context":"https:\/\/schema.org","@graph":[{"@type":"WebPage","@id":"https:\/\/demo.wolffebikes.com\/fr-ca\/produit\/utopia\/","url":"https:\/\/demo.wolffebikes.com\/fr-ca\/produit\/utopia\/","name":"Utopia Folding Fat Tire E-Bike - Wolff E-Bikes","isPartOf":{"@id":"https:\/\/demo.wolffebikes.com\/#website"},"datePublished":"2021-09-02T20:40:39+00:00","dateModified":"2023-08-01T16:37:48+00:00","description":"Utopia electric bike is folding and fat-tire, perfect for beach and snow. Its mug wheels add to longevity and sleek looks.","breadcrumb":{"@id":"https:\/\/demo.wolffebikes.com\/fr-ca\/produit\/utopia\/#breadcrumb"},"inLanguage":"fr-CA","potentialAction":[{"@type":"ReadAction","target":["https:\/\/demo.wolffebikes.com\/fr-ca\/produit\/utopia\/"]}]},{"@type":"BreadcrumbList","@id":"https:\/\/demo.wolffebikes.com\/fr-ca\/produit\/utopia\/#breadcrumb","itemListElement":[{"@type":"ListItem","position":1,"name":"E-Bikes","item":"https:\/\/demo.wolffebikes.com\/e-bikes\/"},{"@type":"ListItem","position":2,"name":"Utopia"}]},{"@type":"WebSite","@id":"https:\/\/demo.wolffebikes.com\/#website","url":"https:\/\/demo.wolffebikes.com\/","name":"Wolff E-Bikes","description":"An e-bike for every type of rider.","publisher":{"@id":"https:\/\/demo.wolffebikes.com\/#organization"},"potentialAction":[{"@type":"SearchAction","target":{"@type":"EntryPoint","urlTemplate":"https:\/\/demo.wolffebikes.com\/?s={search_term_string}"},"query-input":"required name=search_term_string"}],"inLanguage":"fr-CA"},{"@type":"Organization","@id":"https:\/\/demo.wolffebikes.com\/#organization","name":"Wolff E-Bikes","url":"https:\/\/demo.wolffebikes.com\/","logo":{"@type":"ImageObject","inLanguage":"fr-CA","@id":"https:\/\/demo.wolffebikes.com\/#\/schema\/logo\/image\/","url":"https:\/\/demo.wolffebikes.com\/wp-content\/uploads\/2021\/08\/Wolff-logo.svg","contentUrl":"https:\/\/demo.wolffebikes.com\/wp-content\/uploads\/2021\/08\/Wolff-logo.svg","caption":"Wolff E-Bikes"},"image":{"@id":"https:\/\/demo.wolffebikes.com\/#\/schema\/logo\/image\/"},"sameAs":["https:\/\/www.facebook.com\/wolffebikes","https:\/\/www.instagram.com\/wolffebikes\/","https:\/\/www.linkedin.com\/company\/wolff-pedelec-inc"]}]}},"jetpack_sharing_enabled":true,"_links":{"self":[{"href":"https:\/\/demo.wolffebikes.com\/fr-ca\/wp-json\/wp\/v2\/product\/758"}],"collection":[{"href":"https:\/\/demo.wolffebikes.com\/fr-ca\/wp-json\/wp\/v2\/product"}],"about":[{"href":"https:\/\/demo.wolffebikes.com\/fr-ca\/wp-json\/wp\/v2\/types\/product"}],"wp:featuredmedia":[{"embeddable":true,"href":"https:\/\/demo.wolffebikes.com\/fr-ca\/wp-json\/wp\/v2\/media\/2427"}],"wp:attachment":[{"href":"https:\/\/demo.wolffebikes.com\/fr-ca\/wp-json\/wp\/v2\/media?parent=758"}],"wp:term":[{"taxonomy":"product_cat","embeddable":true,"href":"https:\/\/demo.wolffebikes.com\/fr-ca\/wp-json\/wp\/v2\/product_cat?post=758"},{"taxonomy":"product_tag","embeddable":true,"href":"https:\/\/demo.wolffebikes.com\/fr-ca\/wp-json\/wp\/v2\/product_tag?post=758"}],"curies":[{"name":"wp","href":"https:\/\/api.w.org\/{rel}","templated":true}]}}