{"id":765,"date":"2021-07-15T12:00:55","date_gmt":"2021-07-15T16:00:55","guid":{"rendered":"https:\/\/demo.wolffebikes.com\/?post_type=product&#038;p=765"},"modified":"2023-08-01T12:45:00","modified_gmt":"2023-08-01T16:45:00","slug":"ursa","status":"publish","type":"product","link":"https:\/\/demo.wolffebikes.com\/fr-ca\/produit\/ursa\/","title":{"rendered":"Ursa"},"excerpt":{"rendered":"<p>Avec son large si\u00e8ge de style v\u00e9lo de croisi\u00e8re, Ursa (\u00e9galement disponible avec un cadre d\u2019enfourchement plus bas et plus accessible) est confortable, \u00e9l\u00e9gant et pr\u00eat \u00e0 faire la f\u00eate. Cela ressemble \u00e0 quelqu\u2019un que vous connaissez ? Ursa peut manier de longs et courts trajets, et tout le reste, incluant la promenade \u00e0 la plage ou en banlieu. Vous vous sentez aventureux ? Prenez la route panoramique, Ursa est l\u00e0 pour vous !<\/p>\n","protected":false},"featured_media":2063,"template":"","product_cat":[82,83],"product_tag":[],"yoast_head":"<!-- This site is optimized with the Yoast SEO plugin v21.3 - https:\/\/yoast.com\/wordpress\/plugins\/seo\/ -->\n<title>Ursa Cruiser Electric Bike - Wolff E-Bikes - Canada &amp; US<\/title>\n<meta name=\"description\" content=\"Ursa is Wolff&#039;s cruiser e-bike. Upright position and wide beach cruiser style saddle will make your ride super comfortable and enjoyable!\" \/>\n<meta name=\"robots\" content=\"noindex, follow, max-snippet:-1, max-image-preview:large, max-video-preview:-1\" \/>\n<script type=\"application\/ld+json\" class=\"yoast-schema-graph\">{\"@context\":\"https:\/\/schema.org\",\"@graph\":[{\"@type\":\"WebPage\",\"@id\":\"https:\/\/demo.wolffebikes.com\/fr-ca\/produit\/ursa\/\",\"url\":\"https:\/\/demo.wolffebikes.com\/fr-ca\/produit\/ursa\/\",\"name\":\"Ursa Cruiser Electric Bike - Wolff E-Bikes - Canada & US\",\"isPartOf\":{\"@id\":\"https:\/\/demo.wolffebikes.com\/#website\"},\"datePublished\":\"2021-07-15T16:00:55+00:00\",\"dateModified\":\"2023-08-01T16:45:00+00:00\",\"description\":\"Ursa is Wolff's cruiser e-bike. Upright position and wide beach cruiser style saddle will make your ride super comfortable and enjoyable!\",\"breadcrumb\":{\"@id\":\"https:\/\/demo.wolffebikes.com\/fr-ca\/produit\/ursa\/#breadcrumb\"},\"inLanguage\":\"fr-CA\",\"potentialAction\":[{\"@type\":\"ReadAction\",\"target\":[\"https:\/\/demo.wolffebikes.com\/fr-ca\/produit\/ursa\/\"]}]},{\"@type\":\"BreadcrumbList\",\"@id\":\"https:\/\/demo.wolffebikes.com\/fr-ca\/produit\/ursa\/#breadcrumb\",\"itemListElement\":[{\"@type\":\"ListItem\",\"position\":1,\"name\":\"E-Bikes\",\"item\":\"https:\/\/demo.wolffebikes.com\/e-bikes\/\"},{\"@type\":\"ListItem\",\"position\":2,\"name\":\"Ursa\"}]},{\"@type\":\"WebSite\",\"@id\":\"https:\/\/demo.wolffebikes.com\/#website\",\"url\":\"https:\/\/demo.wolffebikes.com\/\",\"name\":\"Wolff E-Bikes\",\"description\":\"An e-bike for every type of rider.\",\"publisher\":{\"@id\":\"https:\/\/demo.wolffebikes.com\/#organization\"},\"potentialAction\":[{\"@type\":\"SearchAction\",\"target\":{\"@type\":\"EntryPoint\",\"urlTemplate\":\"https:\/\/demo.wolffebikes.com\/?s={search_term_string}\"},\"query-input\":\"required name=search_term_string\"}],\"inLanguage\":\"fr-CA\"},{\"@type\":\"Organization\",\"@id\":\"https:\/\/demo.wolffebikes.com\/#organization\",\"name\":\"Wolff E-Bikes\",\"url\":\"https:\/\/demo.wolffebikes.com\/\",\"logo\":{\"@type\":\"ImageObject\",\"inLanguage\":\"fr-CA\",\"@id\":\"https:\/\/demo.wolffebikes.com\/#\/schema\/logo\/image\/\",\"url\":\"https:\/\/demo.wolffebikes.com\/wp-content\/uploads\/2021\/08\/Wolff-logo.svg\",\"contentUrl\":\"https:\/\/demo.wolffebikes.com\/wp-content\/uploads\/2021\/08\/Wolff-logo.svg\",\"caption\":\"Wolff E-Bikes\"},\"image\":{\"@id\":\"https:\/\/demo.wolffebikes.com\/#\/schema\/logo\/image\/\"},\"sameAs\":[\"https:\/\/www.facebook.com\/wolffebikes\",\"https:\/\/www.instagram.com\/wolffebikes\/\",\"https:\/\/www.linkedin.com\/company\/wolff-pedelec-inc\"]}]}<\/script>\n<!-- \/ Yoast SEO plugin. -->","yoast_head_json":{"title":"Ursa Cruiser Electric Bike - Wolff E-Bikes - Canada & US","description":"Ursa is Wolff's cruiser e-bike. Upright position and wide beach cruiser style saddle will make your ride super comfortable and enjoyable!","robots":{"index":"noindex","follow":"follow","max-snippet":"max-snippet:-1","max-image-preview":"max-image-preview:large","max-video-preview":"max-video-preview:-1"},"schema":{"@context":"https:\/\/schema.org","@graph":[{"@type":"WebPage","@id":"https:\/\/demo.wolffebikes.com\/fr-ca\/produit\/ursa\/","url":"https:\/\/demo.wolffebikes.com\/fr-ca\/produit\/ursa\/","name":"Ursa Cruiser Electric Bike - Wolff E-Bikes - Canada & US","isPartOf":{"@id":"https:\/\/demo.wolffebikes.com\/#website"},"datePublished":"2021-07-15T16:00:55+00:00","dateModified":"2023-08-01T16:45:00+00:00","description":"Ursa is Wolff's cruiser e-bike. Upright position and wide beach cruiser style saddle will make your ride super comfortable and enjoyable!","breadcrumb":{"@id":"https:\/\/demo.wolffebikes.com\/fr-ca\/produit\/ursa\/#breadcrumb"},"inLanguage":"fr-CA","potentialAction":[{"@type":"ReadAction","target":["https:\/\/demo.wolffebikes.com\/fr-ca\/produit\/ursa\/"]}]},{"@type":"BreadcrumbList","@id":"https:\/\/demo.wolffebikes.com\/fr-ca\/produit\/ursa\/#breadcrumb","itemListElement":[{"@type":"ListItem","position":1,"name":"E-Bikes","item":"https:\/\/demo.wolffebikes.com\/e-bikes\/"},{"@type":"ListItem","position":2,"name":"Ursa"}]},{"@type":"WebSite","@id":"https:\/\/demo.wolffebikes.com\/#website","url":"https:\/\/demo.wolffebikes.com\/","name":"Wolff E-Bikes","description":"An e-bike for every type of rider.","publisher":{"@id":"https:\/\/demo.wolffebikes.com\/#organization"},"potentialAction":[{"@type":"SearchAction","target":{"@type":"EntryPoint","urlTemplate":"https:\/\/demo.wolffebikes.com\/?s={search_term_string}"},"query-input":"required name=search_term_string"}],"inLanguage":"fr-CA"},{"@type":"Organization","@id":"https:\/\/demo.wolffebikes.com\/#organization","name":"Wolff E-Bikes","url":"https:\/\/demo.wolffebikes.com\/","logo":{"@type":"ImageObject","inLanguage":"fr-CA","@id":"https:\/\/demo.wolffebikes.com\/#\/schema\/logo\/image\/","url":"https:\/\/demo.wolffebikes.com\/wp-content\/uploads\/2021\/08\/Wolff-logo.svg","contentUrl":"https:\/\/demo.wolffebikes.com\/wp-content\/uploads\/2021\/08\/Wolff-logo.svg","caption":"Wolff E-Bikes"},"image":{"@id":"https:\/\/demo.wolffebikes.com\/#\/schema\/logo\/image\/"},"sameAs":["https:\/\/www.facebook.com\/wolffebikes","https:\/\/www.instagram.com\/wolffebikes\/","https:\/\/www.linkedin.com\/company\/wolff-pedelec-inc"]}]}},"jetpack_sharing_enabled":true,"_links":{"self":[{"href":"https:\/\/demo.wolffebikes.com\/fr-ca\/wp-json\/wp\/v2\/product\/765"}],"collection":[{"href":"https:\/\/demo.wolffebikes.com\/fr-ca\/wp-json\/wp\/v2\/product"}],"about":[{"href":"https:\/\/demo.wolffebikes.com\/fr-ca\/wp-json\/wp\/v2\/types\/product"}],"wp:featuredmedia":[{"embeddable":true,"href":"https:\/\/demo.wolffebikes.com\/fr-ca\/wp-json\/wp\/v2\/media\/2063"}],"wp:attachment":[{"href":"https:\/\/demo.wolffebikes.com\/fr-ca\/wp-json\/wp\/v2\/media?parent=765"}],"wp:term":[{"taxonomy":"product_cat","embeddable":true,"href":"https:\/\/demo.wolffebikes.com\/fr-ca\/wp-json\/wp\/v2\/product_cat?post=765"},{"taxonomy":"product_tag","embeddable":true,"href":"https:\/\/demo.wolffebikes.com\/fr-ca\/wp-json\/wp\/v2\/product_tag?post=765"}],"curies":[{"name":"wp","href":"https:\/\/api.w.org\/{rel}","templated":true}]}}