{"id":767,"date":"2021-07-14T12:00:02","date_gmt":"2021-07-14T16:00:02","guid":{"rendered":"https:\/\/demo.wolffebikes.com\/?post_type=product&#038;p=767"},"modified":"2023-08-01T12:36:57","modified_gmt":"2023-08-01T16:36:57","slug":"ursa-st","status":"publish","type":"product","link":"https:\/\/demo.wolffebikes.com\/fr-ca\/produit\/ursa-st\/","title":{"rendered":"Ursa ST"},"excerpt":{"rendered":"<p>Avec un placement de guidon plus \u00e9lev\u00e9, Ursa est la quintessence du v\u00e9lo de croisi\u00e8re d\u00e9contract\u00e9 et facile \u00e0 conduire. Que vous naviguiez le long de la plage ou en ville, le confort et l\u2019exp\u00e9rience de conduite am\u00e9lior\u00e9e vous permettent de garder le contr\u00f4le \u00e0 tout moment. Ce v\u00e9lo dispose de 5 niveaux d\u2019assistance, d\u2019un puissant moteur Bafang \u00e0 entrainement arri\u00e8re de 48V 500W et ne p\u00e8se que 55 lbs. Look impeccable et sensation incroyable, bienvenue dans l\u2019univers Ursa.<\/p>\n<p>Vous voulez tous les avantages du v\u00e9lo Ursa en plus d\u2019une accessibilit\u00e9 d\u2019enfourchement plus facile et plus basse ? Aucun souci, Ursa ST est pour vous !<\/p>\n","protected":false},"featured_media":2415,"template":"","product_cat":[82,83],"product_tag":[],"yoast_head":"<!-- This site is optimized with the Yoast SEO plugin v21.3 - https:\/\/yoast.com\/wordpress\/plugins\/seo\/ -->\n<title>V\u00e9lo \u00e9lectrique cruiser avec cadre \u00e0 bas<\/title>\n<meta name=\"description\" content=\"Le v\u00e9lo \u00e9lectrique Ursa ST est un croiseur avec un cadre bas. Des composants de haute qualit\u00e9 et un prix abordable en font un v\u00e9lo de plage parfait !\" \/>\n<meta name=\"robots\" content=\"noindex, follow, max-snippet:-1, max-image-preview:large, max-video-preview:-1\" \/>\n<script type=\"application\/ld+json\" class=\"yoast-schema-graph\">{\"@context\":\"https:\/\/schema.org\",\"@graph\":[{\"@type\":\"WebPage\",\"@id\":\"https:\/\/demo.wolffebikes.com\/fr-ca\/produit\/ursa-st\/\",\"url\":\"https:\/\/demo.wolffebikes.com\/fr-ca\/produit\/ursa-st\/\",\"name\":\"V\u00e9lo \u00e9lectrique cruiser avec cadre \u00e0 bas\",\"isPartOf\":{\"@id\":\"https:\/\/demo.wolffebikes.com\/#website\"},\"datePublished\":\"2021-07-14T16:00:02+00:00\",\"dateModified\":\"2023-08-01T16:36:57+00:00\",\"description\":\"Le v\u00e9lo \u00e9lectrique Ursa ST est un croiseur avec un cadre bas. Des composants de haute qualit\u00e9 et un prix abordable en font un v\u00e9lo de plage parfait !\",\"breadcrumb\":{\"@id\":\"https:\/\/demo.wolffebikes.com\/fr-ca\/produit\/ursa-st\/#breadcrumb\"},\"inLanguage\":\"fr-CA\",\"potentialAction\":[{\"@type\":\"ReadAction\",\"target\":[\"https:\/\/demo.wolffebikes.com\/fr-ca\/produit\/ursa-st\/\"]}]},{\"@type\":\"BreadcrumbList\",\"@id\":\"https:\/\/demo.wolffebikes.com\/fr-ca\/produit\/ursa-st\/#breadcrumb\",\"itemListElement\":[{\"@type\":\"ListItem\",\"position\":1,\"name\":\"E-Bikes\",\"item\":\"https:\/\/demo.wolffebikes.com\/e-bikes\/\"},{\"@type\":\"ListItem\",\"position\":2,\"name\":\"Ursa ST\"}]},{\"@type\":\"WebSite\",\"@id\":\"https:\/\/demo.wolffebikes.com\/#website\",\"url\":\"https:\/\/demo.wolffebikes.com\/\",\"name\":\"Wolff E-Bikes\",\"description\":\"An e-bike for every type of rider.\",\"publisher\":{\"@id\":\"https:\/\/demo.wolffebikes.com\/#organization\"},\"potentialAction\":[{\"@type\":\"SearchAction\",\"target\":{\"@type\":\"EntryPoint\",\"urlTemplate\":\"https:\/\/demo.wolffebikes.com\/?s={search_term_string}\"},\"query-input\":\"required name=search_term_string\"}],\"inLanguage\":\"fr-CA\"},{\"@type\":\"Organization\",\"@id\":\"https:\/\/demo.wolffebikes.com\/#organization\",\"name\":\"Wolff E-Bikes\",\"url\":\"https:\/\/demo.wolffebikes.com\/\",\"logo\":{\"@type\":\"ImageObject\",\"inLanguage\":\"fr-CA\",\"@id\":\"https:\/\/demo.wolffebikes.com\/#\/schema\/logo\/image\/\",\"url\":\"https:\/\/demo.wolffebikes.com\/wp-content\/uploads\/2021\/08\/Wolff-logo.svg\",\"contentUrl\":\"https:\/\/demo.wolffebikes.com\/wp-content\/uploads\/2021\/08\/Wolff-logo.svg\",\"caption\":\"Wolff E-Bikes\"},\"image\":{\"@id\":\"https:\/\/demo.wolffebikes.com\/#\/schema\/logo\/image\/\"},\"sameAs\":[\"https:\/\/www.facebook.com\/wolffebikes\",\"https:\/\/www.instagram.com\/wolffebikes\/\",\"https:\/\/www.linkedin.com\/company\/wolff-pedelec-inc\"]}]}<\/script>\n<!-- \/ Yoast SEO plugin. -->","yoast_head_json":{"title":"V\u00e9lo \u00e9lectrique cruiser avec cadre \u00e0 bas","description":"Le v\u00e9lo \u00e9lectrique Ursa ST est un croiseur avec un cadre bas. Des composants de haute qualit\u00e9 et un prix abordable en font un v\u00e9lo de plage parfait !","robots":{"index":"noindex","follow":"follow","max-snippet":"max-snippet:-1","max-image-preview":"max-image-preview:large","max-video-preview":"max-video-preview:-1"},"schema":{"@context":"https:\/\/schema.org","@graph":[{"@type":"WebPage","@id":"https:\/\/demo.wolffebikes.com\/fr-ca\/produit\/ursa-st\/","url":"https:\/\/demo.wolffebikes.com\/fr-ca\/produit\/ursa-st\/","name":"V\u00e9lo \u00e9lectrique cruiser avec cadre \u00e0 bas","isPartOf":{"@id":"https:\/\/demo.wolffebikes.com\/#website"},"datePublished":"2021-07-14T16:00:02+00:00","dateModified":"2023-08-01T16:36:57+00:00","description":"Le v\u00e9lo \u00e9lectrique Ursa ST est un croiseur avec un cadre bas. Des composants de haute qualit\u00e9 et un prix abordable en font un v\u00e9lo de plage parfait !","breadcrumb":{"@id":"https:\/\/demo.wolffebikes.com\/fr-ca\/produit\/ursa-st\/#breadcrumb"},"inLanguage":"fr-CA","potentialAction":[{"@type":"ReadAction","target":["https:\/\/demo.wolffebikes.com\/fr-ca\/produit\/ursa-st\/"]}]},{"@type":"BreadcrumbList","@id":"https:\/\/demo.wolffebikes.com\/fr-ca\/produit\/ursa-st\/#breadcrumb","itemListElement":[{"@type":"ListItem","position":1,"name":"E-Bikes","item":"https:\/\/demo.wolffebikes.com\/e-bikes\/"},{"@type":"ListItem","position":2,"name":"Ursa ST"}]},{"@type":"WebSite","@id":"https:\/\/demo.wolffebikes.com\/#website","url":"https:\/\/demo.wolffebikes.com\/","name":"Wolff E-Bikes","description":"An e-bike for every type of rider.","publisher":{"@id":"https:\/\/demo.wolffebikes.com\/#organization"},"potentialAction":[{"@type":"SearchAction","target":{"@type":"EntryPoint","urlTemplate":"https:\/\/demo.wolffebikes.com\/?s={search_term_string}"},"query-input":"required name=search_term_string"}],"inLanguage":"fr-CA"},{"@type":"Organization","@id":"https:\/\/demo.wolffebikes.com\/#organization","name":"Wolff E-Bikes","url":"https:\/\/demo.wolffebikes.com\/","logo":{"@type":"ImageObject","inLanguage":"fr-CA","@id":"https:\/\/demo.wolffebikes.com\/#\/schema\/logo\/image\/","url":"https:\/\/demo.wolffebikes.com\/wp-content\/uploads\/2021\/08\/Wolff-logo.svg","contentUrl":"https:\/\/demo.wolffebikes.com\/wp-content\/uploads\/2021\/08\/Wolff-logo.svg","caption":"Wolff E-Bikes"},"image":{"@id":"https:\/\/demo.wolffebikes.com\/#\/schema\/logo\/image\/"},"sameAs":["https:\/\/www.facebook.com\/wolffebikes","https:\/\/www.instagram.com\/wolffebikes\/","https:\/\/www.linkedin.com\/company\/wolff-pedelec-inc"]}]}},"jetpack_sharing_enabled":true,"_links":{"self":[{"href":"https:\/\/demo.wolffebikes.com\/fr-ca\/wp-json\/wp\/v2\/product\/767"}],"collection":[{"href":"https:\/\/demo.wolffebikes.com\/fr-ca\/wp-json\/wp\/v2\/product"}],"about":[{"href":"https:\/\/demo.wolffebikes.com\/fr-ca\/wp-json\/wp\/v2\/types\/product"}],"wp:featuredmedia":[{"embeddable":true,"href":"https:\/\/demo.wolffebikes.com\/fr-ca\/wp-json\/wp\/v2\/media\/2415"}],"wp:attachment":[{"href":"https:\/\/demo.wolffebikes.com\/fr-ca\/wp-json\/wp\/v2\/media?parent=767"}],"wp:term":[{"taxonomy":"product_cat","embeddable":true,"href":"https:\/\/demo.wolffebikes.com\/fr-ca\/wp-json\/wp\/v2\/product_cat?post=767"},{"taxonomy":"product_tag","embeddable":true,"href":"https:\/\/demo.wolffebikes.com\/fr-ca\/wp-json\/wp\/v2\/product_tag?post=767"}],"curies":[{"name":"wp","href":"https:\/\/api.w.org\/{rel}","templated":true}]}}